{"id":805,"date":"2018-04-26T15:20:06","date_gmt":"2018-04-26T13:20:06","guid":{"rendered":"http:\/\/golfbelgium.be\/?page_id=805"},"modified":"2024-09-04T12:29:13","modified_gmt":"2024-09-04T10:29:13","slug":"la-philosophie","status":"publish","type":"page","link":"https:\/\/golfbelgium.be\/fr\/la-philosophie\/","title":{"rendered":"La philosophie"},"content":{"rendered":"<p>[et_pb_section fb_built=\u00a0\u00bb1&Prime; fullwidth=\u00a0\u00bbon\u00a0\u00bb _builder_version=\u00a0\u00bb4.9.7&Prime; use_background_color_gradient=\u00a0\u00bbon\u00a0\u00bb background_color_gradient_start=\u00a0\u00bbrgba(43,135,218,0)\u00a0\u00bb background_color_gradient_end=\u00a0\u00bbrgba(43,43,43,0.5)\u00a0\u00bb background_color_gradient_direction=\u00a0\u00bb172deg\u00a0\u00bb background_color_gradient_overlays_image=\u00a0\u00bbon\u00a0\u00bb background_image=\u00a0\u00bbhttps:\/\/golfbelgium.be\/wp-content\/uploads\/2021\/06\/image-007.jpg\u00a0\u00bb min_height=\u00a0\u00bb184px\u00a0\u00bb hover_enabled=\u00a0\u00bb0&Prime; global_module=\u00a0\u00bb366&Prime; collapsed=\u00a0\u00bboff\u00a0\u00bb sticky_enabled=\u00a0\u00bb0&Prime;][\/et_pb_section][et_pb_section fb_built=\u00a0\u00bb1&Prime; _builder_version=\u00a0\u00bb3.22&Prime;][et_pb_row _builder_version=\u00a0\u00bb3.25&Prime;][et_pb_column type=\u00a0\u00bb4_4&Prime; _builder_version=\u00a0\u00bb3.25&Prime; custom_padding=\u00a0\u00bb|||\u00a0\u00bb custom_padding__hover=\u00a0\u00bb|||\u00a0\u00bb][et_pb_text disabled_on=\u00a0\u00bboff|off|off\u00a0\u00bb _builder_version=\u00a0\u00bb4.9.7&Prime; text_font=\u00a0\u00bbBarlow|500|||||||\u00a0\u00bb text_text_color=\u00a0\u00bb#2b2b2b\u00a0\u00bb text_font_size=\u00a0\u00bb28px\u00a0\u00bb link_font_size=\u00a0\u00bb16px\u00a0\u00bb header_font=\u00a0\u00bbBarlow|700|||||||\u00a0\u00bb header_font_size=\u00a0\u00bb36px\u00a0\u00bb header_line_height=\u00a0\u00bb1.7em\u00a0\u00bb header_2_font=\u00a0\u00bbBarlow|600|||||||\u00a0\u00bb header_2_text_align=\u00a0\u00bbleft\u00a0\u00bb header_2_text_color=\u00a0\u00bb#2b2b2b\u00a0\u00bb header_2_font_size=\u00a0\u00bb28px\u00a0\u00bb header_2_line_height=\u00a0\u00bb1.7em\u00a0\u00bb header_3_font=\u00a0\u00bbSource Sans Pro|600||on|||||\u00a0\u00bb header_3_text_color=\u00a0\u00bb#2b2b2b\u00a0\u00bb header_3_line_height=\u00a0\u00bb1.7em\u00a0\u00bb max_width=\u00a0\u00bb99.9%\u00a0\u00bb custom_margin=\u00a0\u00bb13px|||||\u00a0\u00bb custom_padding=\u00a0\u00bb|0px||30px||\u00a0\u00bb hover_enabled=\u00a0\u00bb0&Prime; text_font_size_tablet=\u00a0\u00bb24px\u00a0\u00bb text_font_size_phone=\u00a0\u00bb22px\u00a0\u00bb text_font_size_last_edited=\u00a0\u00bbon|phone\u00a0\u00bb border_color_all=\u00a0\u00bb#BC2020&Prime; border_width_left=\u00a0\u00bb2px\u00a0\u00bb global_module=\u00a0\u00bb487&Prime; saved_tabs=\u00a0\u00bball\u00a0\u00bb locked=\u00a0\u00bboff\u00a0\u00bb sticky_enabled=\u00a0\u00bb0&Prime; min_height=\u00a0\u00bb53.6px\u00a0\u00bb]<\/p>\n<h2>Soutenir les joueurs prometteurs<\/h2>\n<p>[\/et_pb_text][et_pb_text _builder_version=\u00a0\u00bb4.9.7&Prime; _module_preset=\u00a0\u00bbdefault\u00a0\u00bb hover_enabled=\u00a0\u00bb0&Prime; sticky_enabled=\u00a0\u00bb0&Prime;]<\/p>\n<p>&nbsp;<\/p>\n<p>Chaque joueur est form\u00e9 dans son club par un coach personnel ou une \u00e9cole de golf au sein de son club.<\/p>\n<p>Les Associations R\u00e9gionales, Golf Vlaanderen et AFgolf, d\u00e9tectent les jeunes joueurs dans les clubs et les aident \u00e0 progresser d\u00e8s leur plus jeune \u00e2ge pour les amener au plus haut niveau, amateur et parfois professionnel. Les jeunes joueurs professionnels peuvent demander un soutien financier \u00e0 la FRBG afin de les aider \u00e0 d\u00e9marrer leur carri\u00e8re professionnelle.<\/p>\n<p>Trois types d&rsquo;aides, limit\u00e9es dans le temps, existent pour un jeune joueur professionnel\u00a0:<\/p>\n<ul>\n<li>Invitations (wild card) pour les tournois internationaux<\/li>\n<li>Aide financi\u00e8re<\/li>\n<li>Aide logistique<\/li>\n<\/ul>\n<p>&nbsp;<\/p>\n<p>[\/et_pb_text][et_pb_text disabled_on=\u00a0\u00bboff|off|off\u00a0\u00bb _builder_version=\u00a0\u00bb4.9.7&Prime; text_font=\u00a0\u00bbBarlow|500|||||||\u00a0\u00bb text_text_color=\u00a0\u00bb#2b2b2b\u00a0\u00bb text_font_size=\u00a0\u00bb28px\u00a0\u00bb link_font_size=\u00a0\u00bb16px\u00a0\u00bb header_font=\u00a0\u00bbBarlow|700|||||||\u00a0\u00bb header_font_size=\u00a0\u00bb36px\u00a0\u00bb header_line_height=\u00a0\u00bb1.7em\u00a0\u00bb header_2_font=\u00a0\u00bbBarlow|600|||||||\u00a0\u00bb header_2_text_align=\u00a0\u00bbleft\u00a0\u00bb header_2_text_color=\u00a0\u00bb#2b2b2b\u00a0\u00bb header_2_font_size=\u00a0\u00bb28px\u00a0\u00bb header_2_line_height=\u00a0\u00bb1.7em\u00a0\u00bb header_3_font=\u00a0\u00bbSource Sans Pro|600||on|||||\u00a0\u00bb header_3_text_color=\u00a0\u00bb#2b2b2b\u00a0\u00bb header_3_line_height=\u00a0\u00bb1.7em\u00a0\u00bb max_width=\u00a0\u00bb99.9%\u00a0\u00bb custom_margin=\u00a0\u00bb13px|||||\u00a0\u00bb custom_padding=\u00a0\u00bb|0px||30px||\u00a0\u00bb hover_enabled=\u00a0\u00bb0&Prime; text_font_size_tablet=\u00a0\u00bb24px\u00a0\u00bb text_font_size_phone=\u00a0\u00bb22px\u00a0\u00bb text_font_size_last_edited=\u00a0\u00bbon|phone\u00a0\u00bb border_color_all=\u00a0\u00bb#BC2020&Prime; border_width_left=\u00a0\u00bb2px\u00a0\u00bb global_module=\u00a0\u00bb487&Prime; saved_tabs=\u00a0\u00bball\u00a0\u00bb locked=\u00a0\u00bboff\u00a0\u00bb sticky_enabled=\u00a0\u00bb0&Prime; min_height=\u00a0\u00bb53.6px\u00a0\u00bb admin_label=\u00a0\u00bbTexte &#8211; philosophie\u00a0\u00bb]<\/p>\n<h2>Objectifs<\/h2>\n<p>[\/et_pb_text][et_pb_text _builder_version=\u00a0\u00bb4.9.7&Prime; _module_preset=\u00a0\u00bbdefault\u00a0\u00bb hover_enabled=\u00a0\u00bb0&Prime; sticky_enabled=\u00a0\u00bb0&Prime;]<\/p>\n<p>&nbsp;<\/p>\n<p>La FRBG a pour objectif d\u2019envoyer des \u00e9quipes performantes aux diff\u00e9rentes comp\u00e9titions internationales afin de repr\u00e9senter le golf belge. Dans ce but, la FRBG a mis en place\u00a0:<\/p>\n<ul>\n<li>Des entra\u00eenements sp\u00e9cifiques par \u00ab\u00a0squad\u00a0\u00bb et par p\u00e9riode<\/li>\n<li>Des stages de pr\u00e9paration pour les grands tournois comme les Championnats d\u2019Europe et du Monde<\/li>\n<li>Une analyse r\u00e9guli\u00e8re de l\u2019\u00e9volution et des objectifs de chaque joueur via l\u2019interaction entre les coachs et le manager du Belgian Team<\/li>\n<li>Un suivi hebdomadaire des \u00abRanking\u00a0\u00bb nationaux et internationaux en vue des diff\u00e9rentes s\u00e9lections<\/li>\n<\/ul>\n<p><strong>U12:<\/strong><\/p>\n<ul>\n<li>Envoyer les joueurs s\u00e9lectionn\u00e9s au sein des R\u00e9gions \u00e0 des tournois internationaux pour acqu\u00e9rir une exp\u00e9rience de la comp\u00e9tition internationale.<\/li>\n<li>Donner aux r\u00e9gions les conditions physiques et techniques de s\u00e9lection pour int\u00e9grer l&rsquo;\u00e9quipe belge U12<\/li>\n<\/ul>\n<p><strong>U18 &amp; adultes:<\/strong><\/p>\n<ul>\n<li>S\u00e9lection des meilleurs joueurs au niveau r\u00e9gional pour constituer les \u00e9quipes belges et s\u00e9lection de l&rsquo;\u00e9quipe Belge pour le programme de performance.<\/li>\n<li>Fixer des objectifs SMART<\/li>\n<li>Pr\u00e9parer les \u00e9quipes pour les championnats d&rsquo;Europe et du Monde.<\/li>\n<li>Repr\u00e9senter la Belgique au plus haut niveau international<\/li>\n<li>Aider\/envoyer les meilleurs joueurs\/joueuses aux comp\u00e9titions internationales pour am\u00e9liorer leur classement au WAGR<\/li>\n<li>Aider les joueurs\/joueuses \u00e0 acc\u00e9der aux universit\u00e9s am\u00e9ricaines par le biais de comp\u00e9titions internationales<\/li>\n<li>Evaluer les joueurs en fonction de leurs r\u00e9sultats et donner un retour d&rsquo;information aux r\u00e9gions.<\/li>\n<\/ul>\n<p>&nbsp;<\/p>\n<p>[\/et_pb_text][et_pb_text disabled_on=\u00a0\u00bboff|off|off\u00a0\u00bb _builder_version=\u00a0\u00bb4.9.7&Prime; text_font=\u00a0\u00bbBarlow|500|||||||\u00a0\u00bb text_text_color=\u00a0\u00bb#2b2b2b\u00a0\u00bb text_font_size=\u00a0\u00bb28px\u00a0\u00bb link_font_size=\u00a0\u00bb16px\u00a0\u00bb header_font=\u00a0\u00bbBarlow|700|||||||\u00a0\u00bb header_font_size=\u00a0\u00bb36px\u00a0\u00bb header_line_height=\u00a0\u00bb1.7em\u00a0\u00bb header_2_font=\u00a0\u00bbBarlow|600|||||||\u00a0\u00bb header_2_text_align=\u00a0\u00bbleft\u00a0\u00bb header_2_text_color=\u00a0\u00bb#2b2b2b\u00a0\u00bb header_2_font_size=\u00a0\u00bb28px\u00a0\u00bb header_2_line_height=\u00a0\u00bb1.7em\u00a0\u00bb header_3_font=\u00a0\u00bbSource Sans Pro|600||on|||||\u00a0\u00bb header_3_text_color=\u00a0\u00bb#2b2b2b\u00a0\u00bb header_3_line_height=\u00a0\u00bb1.7em\u00a0\u00bb max_width=\u00a0\u00bb99.9%\u00a0\u00bb custom_margin=\u00a0\u00bb13px|||||\u00a0\u00bb custom_padding=\u00a0\u00bb|0px||30px||\u00a0\u00bb hover_enabled=\u00a0\u00bb0&Prime; text_font_size_tablet=\u00a0\u00bb24px\u00a0\u00bb text_font_size_phone=\u00a0\u00bb22px\u00a0\u00bb text_font_size_last_edited=\u00a0\u00bbon|phone\u00a0\u00bb border_color_all=\u00a0\u00bb#BC2020&Prime; border_width_left=\u00a0\u00bb2px\u00a0\u00bb global_module=\u00a0\u00bb487&Prime; saved_tabs=\u00a0\u00bball\u00a0\u00bb locked=\u00a0\u00bboff\u00a0\u00bb sticky_enabled=\u00a0\u00bb0&Prime; min_height=\u00a0\u00bb53.6px\u00a0\u00bb]<\/p>\n<h2>Comp\u00e9titions<\/h2>\n<p>[\/et_pb_text][et_pb_text _builder_version=\u00a0\u00bb4.9.7&Prime; _module_preset=\u00a0\u00bbdefault\u00a0\u00bb hover_enabled=\u00a0\u00bb0&Prime; sticky_enabled=\u00a0\u00bb0&Prime;]<\/p>\n<p>&nbsp;<\/p>\n<p><strong>Championnats d&rsquo;Europe<\/strong><\/p>\n<p>La FRBG envoie chaque ann\u00e9e des \u00e9quipes aux diff\u00e9rents championnats d\u2019Europe\u00a0:<\/p>\n<ul>\n<li>Men \u2013 Ladies \u2013 Boys \u2013 Girls<\/li>\n<li>Seniors Men \u2013 Seniors Ladies<\/li>\n<li>European Young Masters (U16)<\/li>\n<li>Evian Junior Masters (U14)<\/li>\n<li>La FRBG souhaite \u00e9galement envoyer une \u00e9quipe \u00e0 l\u2019\u00ab\u00a0European Championship for Golfers with Disability\u00a0\u00bb.<\/li>\n<\/ul>\n<p><strong>Championnats du Monde<\/strong><\/p>\n<p>La FRBG envoie deux \u00e9quipes aux Championnats du Monde organis\u00e9s tous les 2 ans\u00a0: Men &amp; Ladies. L\u2019objectif est d\u2019atteindre le Top 20.<\/p>\n<p><strong>Autres tournois\u00a0<\/strong><\/p>\n<p>La FRBG envoie \u00e9galement &#8211; dans la limite des crit\u00e8res de s\u00e9lection impos\u00e9s par les pays organisateurs &#8211; des joueurs\/joueuses pour participer \u00e0 des comp\u00e9titions individuelles ou par \u00e9quipe afin de leur permettre de d\u00e9velopper leur exp\u00e9rience sur la sc\u00e8ne internationale.<\/p>\n<p><em>Exemple de tournois\u00a0:<\/em> Internationaux de France Juniors (Coupe Esmond \u2013 Coupe Carlhian) \u00a0Troph\u00e9e Chantilly U14, Internationaux d\u2019Italie (Girls U18 et Boys U16), \u00a0Troph\u00e9e Duke of York, Evian Junior Masters, \u00a0Quadrangulaire, match Belgique \u2013 Hollande U12 et Seniors, Junior Orange Bowl\u2026<\/p>\n<p>[\/et_pb_text][\/et_pb_column][\/et_pb_row][\/et_pb_section]<\/p>\n","protected":false},"excerpt":{"rendered":"<p>Soutenir les joueurs prometteurs&nbsp; Chaque joueur est form\u00e9 dans son club par un coach personnel ou une \u00e9cole de golf au sein de son club. Les Associations R\u00e9gionales, Golf Vlaanderen et AFgolf, d\u00e9tectent les jeunes joueurs dans les clubs et les aident \u00e0 progresser d\u00e8s leur plus jeune \u00e2ge pour les amener au plus haut [&hellip;]<\/p>\n","protected":false},"author":11,"featured_media":4581,"parent":0,"menu_order":64,"comment_status":"closed","ping_status":"closed","template":"","meta":{"_acf_changed":false,"_seopress_robots_primary_cat":"","_seopress_titles_title":"","_seopress_titles_desc":"","_seopress_robots_index":"","_et_pb_use_builder":"on","_et_pb_old_content":"","_et_gb_content_width":"","footnotes":""},"class_list":["post-805","page","type-page","status-publish","has-post-thumbnail","hentry"],"acf":[],"_links":{"self":[{"href":"https:\/\/golfbelgium.be\/fr\/wp-json\/wp\/v2\/pages\/805","targetHints":{"allow":["GET"]}}],"collection":[{"href":"https:\/\/golfbelgium.be\/fr\/wp-json\/wp\/v2\/pages"}],"about":[{"href":"https:\/\/golfbelgium.be\/fr\/wp-json\/wp\/v2\/types\/page"}],"author":[{"embeddable":true,"href":"https:\/\/golfbelgium.be\/fr\/wp-json\/wp\/v2\/users\/11"}],"replies":[{"embeddable":true,"href":"https:\/\/golfbelgium.be\/fr\/wp-json\/wp\/v2\/comments?post=805"}],"version-history":[{"count":2,"href":"https:\/\/golfbelgium.be\/fr\/wp-json\/wp\/v2\/pages\/805\/revisions"}],"predecessor-version":[{"id":125152,"href":"https:\/\/golfbelgium.be\/fr\/wp-json\/wp\/v2\/pages\/805\/revisions\/125152"}],"wp:featuredmedia":[{"embeddable":true,"href":"https:\/\/golfbelgium.be\/fr\/wp-json\/wp\/v2\/media\/4581"}],"wp:attachment":[{"href":"https:\/\/golfbelgium.be\/fr\/wp-json\/wp\/v2\/media?parent=805"}],"curies":[{"name":"wp","href":"https:\/\/api.w.org\/{rel}","templated":true}]}}