{"id":814,"date":"2018-04-26T15:22:05","date_gmt":"2018-04-26T13:22:05","guid":{"rendered":"http:\/\/golfbelgium.be\/?page_id=814"},"modified":"2020-07-20T09:44:42","modified_gmt":"2020-07-20T07:44:42","slug":"junior-tour","status":"publish","type":"page","link":"https:\/\/golfbelgium.be\/fr\/junior-tour\/","title":{"rendered":"Junior Tour"},"content":{"rendered":"<p>[et_pb_section fb_built=\u00a0\u00bb1&Prime; fullwidth=\u00a0\u00bbon\u00a0\u00bb _builder_version=\u00a0\u00bb3.22&Prime; use_background_color_gradient=\u00a0\u00bbon\u00a0\u00bb background_color_gradient_start=\u00a0\u00bbrgba(43,135,218,0)\u00a0\u00bb background_color_gradient_end=\u00a0\u00bbrgba(43,43,43,0.5)\u00a0\u00bb background_color_gradient_direction=\u00a0\u00bb172deg\u00a0\u00bb background_color_gradient_overlays_image=\u00a0\u00bbon\u00a0\u00bb background_image=\u00a0\u00bbhttps:\/\/golfbelgium.be\/wp-content\/uploads\/2018\/07\/round1-89-min.jpg\u00a0\u00bb global_module=\u00a0\u00bb366&Prime;][et_pb_fullwidth_post_title meta=\u00a0\u00bboff\u00a0\u00bb featured_placement=\u00a0\u00bbbackground\u00a0\u00bb text_color=\u00a0\u00bblight\u00a0\u00bb _builder_version=\u00a0\u00bb3.21.4&Prime; title_font=\u00a0\u00bbPlayfair Display|700|||||||\u00a0\u00bb title_text_align=\u00a0\u00bbcenter\u00a0\u00bb title_text_color=\u00a0\u00bb#f7f7f7&Prime; title_font_size=\u00a0\u00bb48px\u00a0\u00bb text_orientation=\u00a0\u00bbcenter\u00a0\u00bb custom_padding=\u00a0\u00bb180px||180px|\u00a0\u00bb custom_padding_tablet=\u00a0\u00bb130px||130px|\u00a0\u00bb custom_padding_phone=\u00a0\u00bb100px||100px|\u00a0\u00bb custom_padding_last_edited=\u00a0\u00bbon|phone\u00a0\u00bb text_shadow_style=\u00a0\u00bbpreset4&Prime;][\/et_pb_fullwidth_post_title][\/et_pb_section][et_pb_section fb_built=\u00a0\u00bb1&Prime; _builder_version=\u00a0\u00bb3.22.3&Prime;][et_pb_row _builder_version=\u00a0\u00bb3.25&Prime; background_size=\u00a0\u00bbinitial\u00a0\u00bb background_position=\u00a0\u00bbtop_left\u00a0\u00bb background_repeat=\u00a0\u00bbrepeat\u00a0\u00bb][et_pb_column type=\u00a0\u00bb4_4&Prime; _builder_version=\u00a0\u00bb3.25&Prime; custom_padding=\u00a0\u00bb|||\u00a0\u00bb custom_padding__hover=\u00a0\u00bb|||\u00a0\u00bb][et_pb_text admin_label=\u00a0\u00bbTitre &#8211; Juniors\u00a0\u00bb _builder_version=\u00a0\u00bb4.0.11&Prime; text_font=\u00a0\u00bbPlayfair Display|700|||||||\u00a0\u00bb text_text_color=\u00a0\u00bb#2b2b2b\u00a0\u00bb text_font_size=\u00a0\u00bb28px\u00a0\u00bb header_font=\u00a0\u00bbPlayfair Display||||||||\u00a0\u00bb header_line_height=\u00a0\u00bb1.7em\u00a0\u00bb header_2_font=\u00a0\u00bbPlayfair Display|700|||||||\u00a0\u00bb header_2_text_align=\u00a0\u00bbleft\u00a0\u00bb header_2_text_color=\u00a0\u00bb#2b2b2b\u00a0\u00bb header_2_font_size=\u00a0\u00bb28px\u00a0\u00bb header_2_line_height=\u00a0\u00bb1.7em\u00a0\u00bb header_3_font=\u00a0\u00bbSource Sans Pro|600||on|||||\u00a0\u00bb header_3_text_color=\u00a0\u00bb#2b2b2b\u00a0\u00bb header_3_line_height=\u00a0\u00bb1.7em\u00a0\u00bb max_width=\u00a0\u00bb100%\u00a0\u00bb custom_padding=\u00a0\u00bb|||30px\u00a0\u00bb text_font_size_tablet=\u00a0\u00bb24px\u00a0\u00bb text_font_size_phone=\u00a0\u00bb22px\u00a0\u00bb text_font_size_last_edited=\u00a0\u00bbon|phone\u00a0\u00bb border_color_all=\u00a0\u00bbrgba(25,111,0,0.5)\u00a0\u00bb border_width_left=\u00a0\u00bb2px\u00a0\u00bb global_module=\u00a0\u00bb487&Prime; saved_tabs=\u00a0\u00bball\u00a0\u00bb]<\/p>\n<h2>Toutes les comp\u00e9titions pour les Juniors<\/h2>\n<p>[\/et_pb_text][et_pb_text module_class=\u00a0\u00bbprout\u00a0\u00bb _builder_version=\u00a0\u00bb4.5.1&Prime; text_font=\u00a0\u00bbSource Sans Pro||||||||\u00a0\u00bb text_text_color=\u00a0\u00bb#787878&Prime; link_font=\u00a0\u00bbSource Sans Pro|600|||||||\u00a0\u00bb link_text_color=\u00a0\u00bbrgba(25,111,0,0.5)\u00a0\u00bb header_text_align=\u00a0\u00bbleft\u00a0\u00bb header_3_font=\u00a0\u00bbSource Sans Pro|600||on|||||\u00a0\u00bb header_3_text_align=\u00a0\u00bbleft\u00a0\u00bb header_3_text_color=\u00a0\u00bb#2b2b2b\u00a0\u00bb header_4_font=\u00a0\u00bbSource Sans Pro|600||on|||||\u00a0\u00bb header_4_text_color=\u00a0\u00bb#2b2b2b\u00a0\u00bb header_4_font_size=\u00a0\u00bb16px\u00a0\u00bb text_orientation=\u00a0\u00bbjustified\u00a0\u00bb custom_margin=\u00a0\u00bb0px|0px|0px|0px\u00a0\u00bb custom_padding=\u00a0\u00bb0px|0px|0px|0px|false|false\u00a0\u00bb hover_enabled=\u00a0\u00bb0&Prime; border_color_left=\u00a0\u00bbrgba(25,111,0,0.5)\u00a0\u00bb text_text_align=\u00a0\u00bbleft\u00a0\u00bb global_module=\u00a0\u00bb475&Prime; saved_tabs=\u00a0\u00bball\u00a0\u00bb locked=\u00a0\u00bboff\u00a0\u00bb]<\/p>\n<p style=\"text-align: justify;\">Le Junior Tour est ouvert \u00e0 tout golfeur de 18 ans et moins. Les jeunes sont r\u00e9partis dans diff\u00e9rentes cat\u00e9gories en fonction de leur \u00e2ge: Boys U18 &#8211; Girls U18 \/ Boys U16 &#8211; Girls U16 \/ Boys U14 &#8211; Girls U14 \/ Boys U12 &#8211; Girls U12.<\/p>\n<p>Les comp\u00e9titions comprises dans le Junior Tour sont nombreuses et sont disponibles sur notre calendrier.<\/p>\n<p>[\/et_pb_text][\/et_pb_column][\/et_pb_row][et_pb_row _builder_version=\u00a0\u00bb3.25&Prime; background_size=\u00a0\u00bbinitial\u00a0\u00bb background_position=\u00a0\u00bbtop_left\u00a0\u00bb background_repeat=\u00a0\u00bbrepeat\u00a0\u00bb][et_pb_column type=\u00a0\u00bb4_4&Prime; _builder_version=\u00a0\u00bb3.25&Prime; custom_padding=\u00a0\u00bb|||\u00a0\u00bb custom_padding__hover=\u00a0\u00bb|||\u00a0\u00bb][et_pb_text admin_label=\u00a0\u00bbTitre &#8211; s&rsquo;inscrire\u00a0\u00bb _builder_version=\u00a0\u00bb4.0.11&Prime; text_font=\u00a0\u00bbPlayfair Display|700|||||||\u00a0\u00bb text_text_color=\u00a0\u00bb#2b2b2b\u00a0\u00bb text_font_size=\u00a0\u00bb28px\u00a0\u00bb header_font=\u00a0\u00bbPlayfair Display||||||||\u00a0\u00bb header_line_height=\u00a0\u00bb1.7em\u00a0\u00bb header_2_font=\u00a0\u00bbPlayfair Display|700|||||||\u00a0\u00bb header_2_text_align=\u00a0\u00bbleft\u00a0\u00bb header_2_text_color=\u00a0\u00bb#2b2b2b\u00a0\u00bb header_2_font_size=\u00a0\u00bb28px\u00a0\u00bb header_2_line_height=\u00a0\u00bb1.7em\u00a0\u00bb header_3_font=\u00a0\u00bbSource Sans Pro|600||on|||||\u00a0\u00bb header_3_text_color=\u00a0\u00bb#2b2b2b\u00a0\u00bb header_3_line_height=\u00a0\u00bb1.7em\u00a0\u00bb max_width=\u00a0\u00bb100%\u00a0\u00bb custom_padding=\u00a0\u00bb|||30px\u00a0\u00bb text_font_size_tablet=\u00a0\u00bb24px\u00a0\u00bb text_font_size_phone=\u00a0\u00bb22px\u00a0\u00bb text_font_size_last_edited=\u00a0\u00bbon|phone\u00a0\u00bb border_color_all=\u00a0\u00bbrgba(25,111,0,0.5)\u00a0\u00bb border_width_left=\u00a0\u00bb2px\u00a0\u00bb global_module=\u00a0\u00bb487&Prime; saved_tabs=\u00a0\u00bball\u00a0\u00bb]<\/p>\n<h2>S&rsquo;inscrire<\/h2>\n<p>[\/et_pb_text][et_pb_text module_class=\u00a0\u00bbprout\u00a0\u00bb _builder_version=\u00a0\u00bb4.5.1&Prime; text_font=\u00a0\u00bbSource Sans Pro||||||||\u00a0\u00bb text_text_color=\u00a0\u00bb#787878&Prime; link_font=\u00a0\u00bbSource Sans Pro|600|||||||\u00a0\u00bb link_text_color=\u00a0\u00bbrgba(25,111,0,0.5)\u00a0\u00bb header_text_align=\u00a0\u00bbleft\u00a0\u00bb header_3_font=\u00a0\u00bbSource Sans Pro|600||on|||||\u00a0\u00bb header_3_text_align=\u00a0\u00bbleft\u00a0\u00bb header_3_text_color=\u00a0\u00bb#2b2b2b\u00a0\u00bb header_4_font=\u00a0\u00bbSource Sans Pro|600||on|||||\u00a0\u00bb header_4_text_color=\u00a0\u00bb#2b2b2b\u00a0\u00bb header_4_font_size=\u00a0\u00bb16px\u00a0\u00bb text_orientation=\u00a0\u00bbjustified\u00a0\u00bb custom_margin=\u00a0\u00bb0px|0px|0px|0px\u00a0\u00bb custom_padding=\u00a0\u00bb0px|0px|0px|0px|false|false\u00a0\u00bb hover_enabled=\u00a0\u00bb0&Prime; border_color_left=\u00a0\u00bbrgba(25,111,0,0.5)\u00a0\u00bb text_text_align=\u00a0\u00bbleft\u00a0\u00bb global_module=\u00a0\u00bb475&Prime; saved_tabs=\u00a0\u00bball\u00a0\u00bb locked=\u00a0\u00bboff\u00a0\u00bb]<\/p>\n<p>Pour vous inscrire, rendez-vous sur la page <a href=\"https:\/\/golfbelgium.be\/fr\/inscrivez-vous\/\" target=\"_blank\" rel=\"noopener noreferrer\">inscrivez-vous \u00e0 nos comp\u00e9titions<\/a>.<\/p>\n<ul>\n<li>Les inscriptions ouvrent 6 semaines avant la comp\u00e9tition.<\/li>\n<li>Les heures de d\u00e9part seront disponibles sur le site quelques jours avant la comp\u00e9tition.<\/li>\n<\/ul>\n<p style=\"text-align: justify;\">Si vous voulez en savoir plus sur\u00a0<strong>les crit\u00e8res de participation<\/strong>\u00a0et le ranking, lisez attentivement le\u00a0<a href=\"https:\/\/golfbelgium.be\/wp-content\/uploads\/2020\/01\/2020-rkb-rankings-belge.pdf\" target=\"_blank\" rel=\"noopener noreferrer\"><strong>REGLEMENT GENERAL<\/strong><\/a>\u00a0avec les crit\u00e8res sp\u00e9cifiques pour le Junior Tour que vous trouverez en pages 4 et 5.<\/p>\n<p>[\/et_pb_text][\/et_pb_column][\/et_pb_row][\/et_pb_section]<\/p>\n","protected":false},"excerpt":{"rendered":"<p>Toutes les comp\u00e9titions pour les JuniorsLe Junior Tour est ouvert \u00e0 tout golfeur de 18 ans et moins. Les jeunes sont r\u00e9partis dans diff\u00e9rentes cat\u00e9gories en fonction de leur \u00e2ge: Boys U18 &#8211; Girls U18 \/ Boys U16 &#8211; Girls U16 \/ Boys U14 &#8211; Girls U14 \/ Boys U12 &#8211; Girls U12. Les comp\u00e9titions [&hellip;]<\/p>\n","protected":false},"author":11,"featured_media":4396,"parent":0,"menu_order":57,"comment_status":"closed","ping_status":"closed","template":"","meta":{"_acf_changed":false,"_seopress_robots_primary_cat":"","_seopress_titles_title":"","_seopress_titles_desc":"","_seopress_robots_index":"","_et_pb_use_builder":"on","_et_pb_old_content":"","_et_gb_content_width":"","footnotes":""},"class_list":["post-814","page","type-page","status-publish","has-post-thumbnail","hentry"],"acf":[],"_links":{"self":[{"href":"https:\/\/golfbelgium.be\/fr\/wp-json\/wp\/v2\/pages\/814","targetHints":{"allow":["GET"]}}],"collection":[{"href":"https:\/\/golfbelgium.be\/fr\/wp-json\/wp\/v2\/pages"}],"about":[{"href":"https:\/\/golfbelgium.be\/fr\/wp-json\/wp\/v2\/types\/page"}],"author":[{"embeddable":true,"href":"https:\/\/golfbelgium.be\/fr\/wp-json\/wp\/v2\/users\/11"}],"replies":[{"embeddable":true,"href":"https:\/\/golfbelgium.be\/fr\/wp-json\/wp\/v2\/comments?post=814"}],"version-history":[{"count":0,"href":"https:\/\/golfbelgium.be\/fr\/wp-json\/wp\/v2\/pages\/814\/revisions"}],"wp:featuredmedia":[{"embeddable":true,"href":"https:\/\/golfbelgium.be\/fr\/wp-json\/wp\/v2\/media\/4396"}],"wp:attachment":[{"href":"https:\/\/golfbelgium.be\/fr\/wp-json\/wp\/v2\/media?parent=814"}],"curies":[{"name":"wp","href":"https:\/\/api.w.org\/{rel}","templated":true}]}}